{"id":1554,"date":"2018-11-15T21:51:16","date_gmt":"2018-11-15T20:51:16","guid":{"rendered":"https:\/\/www.nas-invest.com\/dataprotection\/"},"modified":"2025-04-11T15:14:35","modified_gmt":"2025-04-11T13:14:35","slug":"datenschutz","status":"publish","type":"page","link":"https:\/\/www.nas-invest.com\/de\/datenschutz\/","title":{"rendered":"Datenschutz"},"content":{"rendered":"<p>Die Strides GbR (\u201eStrides\u201c) betreibt die Webseite www.localhost\/tob\/wordpress-qdc (\u201eWebseite\u201d). Beim Betrieb der Webseite verarbeitet Strides personenbezogene Daten, mit denen m\u00f6glicherweise der Bezug zum Besucher hergestellt werden kann. Diese Datenschutzerkl\u00e4rung soll dar\u00fcber informieren, welche personenbezogenen Daten von den Besuchern f\u00fcr welche Zwecke verarbeitet werden, welche Rechte Betroffene haben und wie sie diese geltend machen k\u00f6nnen. Damit wird die Informationspflicht gem\u00e4\u00df Art. 13 Datenschutz-Grundverordnung (\u201eDSGVO\u201c) erf\u00fcllt. Die Begriffe werden gem\u00e4\u00df den Definitionen in Art. 4 DSGVO verwendet.<\/p>\n<h2>Verantwortliche<\/h2>\n<p>Als Betreiberin der Webseite ist Strides die Verantwortliche f\u00fcr die Verarbeitung der personenbezogenen Daten auf der Webseite. Strides hat ihren Sitz in 10115 Berlin, Sch\u00f6nholzer Stra\u00dfe 12.<\/p>\n<h2>Datenverarbeitungen<\/h2>\n<p>Beim Betrieb der Webseite werden personenbezogene Daten von Besuchern verarbeitet, um die Webseite und zugeh\u00f6rige Dienste verf\u00fcgbar zu machen und die Webseite effizienter zu gestalten.<\/p>\n<h2>Verf\u00fcgbarkeit der Webseite<\/h2>\n<p>Um die Webseite den Besuchern verf\u00fcgbar zu machen, ist es technisch erforderlich, personenbezogene Daten der Besucher zu verarbeiten. So m\u00fcssen z. B. die IP-Adressen der genutzten Endger\u00e4te verarbeitet werden, um \u00fcberhaupt eine Verbindung zwischen dem Endger\u00e4t und dem Server, auf dem die Webseite gehostet wird, herzustellen. Um den Besuchern f\u00fcr sie relevante Informationen zur Verf\u00fcgung zu stellen, z. B. um die Webseiteninhalte in der gew\u00fcnschten Sprache anzuzeigen, werden Cookies gesetzt und damit spezifische Daten zum genutzten Endger\u00e4t und Browser verarbeitet. Rechtsgrundlage f\u00fcr die Verarbeitung ist Art. 6 Abs. 1 b) DSGVO (Vertragserf\u00fcllung).<\/p>\n<h2>Darstellung der Webseite<\/h2>\n<p>Um die Webseite auf verschiedenen Endger\u00e4ten und durch den jeweils genutzten Browser optimal darzustellen, ist es erforderlich, Identifikations-Merkmale der genutzten Endger\u00e4te und Browser zu verarbeiten. So ist es m\u00f6glich, die Webseite auf Desktop-PC\u2019s, Laptops, Tablets oder Smartphones unter Nutzung verschiedener Browser optimal darzustellen. Mit diesen Daten kann m\u00f6glicherweise der Bezug zum Besucher hergestellt werden. Rechtsgrundlage f\u00fcr die Verarbeitung ist Art. 6 Abs. 1 b) DSGVO (Vertragserf\u00fcllung).<\/p>\n<h2>Sicherheit der Webseite<\/h2>\n<p>Um die Sicherheit des Webseitenbetriebes zu gew\u00e4hrleisten, werden IP-Adressen und andere Identifikations-Merkmale der genutzten Endger\u00e4te und Browser verarbeitet. Mit diesen Daten kann m\u00f6glicherweise der Bezug zum Besucher hergestellt werden. Rechtsgrundlage f\u00fcr die Verarbeitung ist Art. 6 Abs. 1 f) DSGVO (berechtigtes Interesse).<\/p>\n<h2>Betroffenenrechte<\/h2>\n<p>Werden personenbezogene Daten von Besuchern verarbeitet, sind sie Betroffene i.S.d. DSGVO (\u201eBetroffene\u201c) und es stehen ihnen gem\u00e4\u00df der Artikel 15 bis 21 DSGVO nachfolgend aufgef\u00fchrte Rechte gegen\u00fcber dem Verantwortlichen zu. Um von den Rechten Gebrauch zu machen oder um weitere Informationen zum Datenschutz bei Strides zu erhalten, k\u00f6nnen sich Betroffene an mail@localhost wenden.<\/p>\n<h2>Auskunft<\/h2>\n<p>Gem\u00e4\u00df Art. 15 DSGVO haben Betroffene das Recht, vom Verantwortlichen eine Best\u00e4tigung dar\u00fcber zu verlangen, ob personenbezogene Daten von ihm verarbeitet werden. Ist dies der Fall, haben Betroffene das Recht auf eine kostenlose Auskunft \u00fcber alle ihre personenbezogenen Daten, die die Verantwortliche selbst verarbeitet und im Auftrag verarbeiten l\u00e4sst, sowie das Recht auf eine Kopie dieser Daten.<br \/>\nDar\u00fcber hinaus haben Betroffene gem\u00e4\u00df Art. 19 Abs. 2 DSGVO das Recht, den Verantwortlichen aufzufordern, sie \u00fcber alle Empf\u00e4nger zu informieren, an die ihre personenbezogenen Daten weitergegeben wurden.<\/p>\n<h2>Berichtigung<\/h2>\n<p>Gem\u00e4\u00df Art. 16 DSGVO haben Betroffene das Recht, die Berichtigung oder Erg\u00e4nzung ihrer personenbezogenen Daten zu verlangen, sofern diese falsch oder unvollst\u00e4ndig sind.<\/p>\n<h2>L\u00f6schung<\/h2>\n<p>Gem\u00e4\u00df Art. 17 DSGVO haben Betroffene das Recht auf L\u00f6schung ihrer personenbezogenen Daten. Vom Verantwortlichen gespeicherte Daten werden, sollten sie f\u00fcr ihre Zweckbestimmung nicht mehr ben\u00f6tigt werden und keine gesetzliche Aufbewahrungspflicht daf\u00fcr besteht, gel\u00f6scht. Falls eine L\u00f6schung nicht durchgef\u00fchrt werden kann, da die Daten f\u00fcr zul\u00e4ssige gesetzliche Zwecke erforderlich sind, erfolgt eine Einschr\u00e4nkung der Datenverarbeitung. In diesem Fall werden die Daten gesperrt und nicht f\u00fcr andere Zwecke verarbeitet. Das L\u00f6schen der Daten hat zur Folge, dass die Dienste von Strides nicht mehr in vollem Umfang oder gar nicht mehr genutzt werden k\u00f6nnen.<\/p>\n<h2>Einschr\u00e4nkung der Verarbeitung<\/h2>\n<p>Gem\u00e4\u00df Art. 18 DSGVO haben Betroffene das Recht, den Verantwortlichen aufzufordern, die Verarbeitung einzuschr\u00e4nken, wenn die Richtigkeit der personenbezogenen Daten wirksam angefochten wurde, die Verarbeitung rechtswidrig ist und der Betroffene nicht m\u00f6chte, dass seine personenbezogenen Daten gel\u00f6scht werden, Strides die personenbezogenen Daten nicht mehr f\u00fcr die Verarbeitung, sondern zur Durchsetzung, Aus\u00fcbung oder Verteidigung von Rechtsanspr\u00fcchen ben\u00f6tigt oder der Verarbeitung gem\u00e4\u00df Art. 21 Abs. 1 DSGVO widersprochen wurde und es ist noch nicht klar ist, ob die berechtigten Interessen des Verantwortlichen \u00fcberwiegen.<\/p>\n<h2>Daten\u00fcbertragbarkeit<\/h2>\n<p>Gem\u00e4\u00df Art. 20 DSGVO haben Betroffene das Recht, ihre personenbezogenen Daten, die sie dem Verantwortlichen zur Verf\u00fcgung gestellt haben, in einem strukturierten, gebr\u00e4uchlichen und maschinenlesbaren Format zu erhalten.<\/p>\n<h2>Widerspruch<\/h2>\n<p>Betroffene haben gem\u00e4\u00df Art. 21 DSGVO das Recht, aus Gr\u00fcnden, die sich aus ihrer besonderen Situation ergeben, jederzeit gegen die Verarbeitung der sie betreffenden personenbezogenen Daten, die aufgrund von Art. 6 Abs. 1 lit. e) oder f) DSGVO erfolgt, Widerspruch einzulegen.<\/p>\n<h2>Beschwerde bei der Aufsichtsbeh\u00f6rde<\/h2>\n<p>Gem\u00e4\u00df Art. 77 DSGVO haben Betroffene das Recht, eine Beschwerde bei der f\u00fcr die Verantwortliche zust\u00e4ndigen Aufsichtsbeh\u00f6rde einzureichen. Das ist die<br \/>\n<strong>Berliner Beauftragte f\u00fcr Datenschutz und Informationsfreiheit<\/strong><br \/>\nFriedrichstr. 219<br \/>\nBesuchereingang: Puttkamerstr. 16 \u2013 18<br \/>\n10969 Berlin, Deutschland<br \/>\nTelefon: 030 13889-0<br \/>\nE-Mail: <a href=\"mailto:%22mailbox@datenschutz-berlin.de%22\">mailbox@datenschutz-berlin.de<\/a><br \/>\nInternet: <a href=\"https:\/\/www.datenschutz-berlin.de\/\/\">www.datenschutz-berlin.de<\/a><br \/>\nStand der Datenschutzerkl\u00e4rung: M\u00e4rz 2020<\/p>\n","protected":false},"excerpt":{"rendered":"<p>Die Strides GbR (\u201eStrides\u201c) betreibt die Webseite www.localhost\/tob\/wordpress-qdc (\u201eWebseite\u201d). Beim Betrieb der Webseite verarbeitet Strides personenbezogene Daten, mit denen m\u00f6glicherweise der Bezug zum Besucher hergestellt werden kann. Diese Datenschutzerkl\u00e4rung soll dar\u00fcber informieren, welche personenbezogenen Daten von den Besuchern f\u00fcr welche Zwecke verarbeitet werden, welche Rechte Betroffene haben und wie sie diese geltend machen k\u00f6nnen. Damit &#8230;.<\/p>\n","protected":false},"author":1,"featured_media":2432,"parent":0,"menu_order":36,"comment_status":"closed","ping_status":"closed","template":"","meta":{"footnotes":""},"class_list":["post-1554","page","type-page","status-publish","has-post-thumbnail","hentry"],"acf":[],"yoast_head":"<!-- This site is optimized with the Yoast SEO plugin v19.7.1 - https:\/\/yoast.com\/wordpress\/plugins\/seo\/ -->\n<title>Datenschutz - NAS Real Investments<\/title>\n<meta name=\"robots\" content=\"index, follow, max-snippet:-1, max-image-preview:large, max-video-preview:-1\" \/>\n<link rel=\"canonical\" href=\"https:\/\/www.nas-invest.com\/de\/datenschutz\/\" \/>\n<meta property=\"og:locale\" content=\"de_DE\" \/>\n<meta property=\"og:type\" content=\"article\" \/>\n<meta property=\"og:title\" content=\"Datenschutz - NAS Real Investments\" \/>\n<meta property=\"og:description\" content=\"Die Strides GbR (\u201eStrides\u201c) betreibt die Webseite www.localhost\/tob\/wordpress-qdc (\u201eWebseite\u201d). Beim Betrieb der Webseite verarbeitet Strides personenbezogene Daten, mit denen m\u00f6glicherweise der Bezug zum Besucher hergestellt werden kann. Diese Datenschutzerkl\u00e4rung soll dar\u00fcber informieren, welche personenbezogenen Daten von den Besuchern f\u00fcr welche Zwecke verarbeitet werden, welche Rechte Betroffene haben und wie sie diese geltend machen k\u00f6nnen. Damit ....\" \/>\n<meta property=\"og:url\" content=\"https:\/\/www.nas-invest.com\/de\/datenschutz\/\" \/>\n<meta property=\"og:site_name\" content=\"NAS Real Investments\" \/>\n<meta property=\"article:modified_time\" content=\"2025-04-11T13:14:35+00:00\" \/>\n<meta property=\"og:image\" content=\"https:\/\/www.nas-invest.com\/wp-content\/uploads\/2022\/10\/16082022_Senckenbergturm_2_16to9_2.jpg\" \/>\n\t<meta property=\"og:image:width\" content=\"1920\" \/>\n\t<meta property=\"og:image:height\" content=\"1010\" \/>\n\t<meta property=\"og:image:type\" content=\"image\/jpeg\" \/>\n<meta name=\"twitter:card\" content=\"summary_large_image\" \/>\n<meta name=\"twitter:label1\" content=\"Gesch\u00e4tzte Lesezeit\" \/>\n\t<meta name=\"twitter:data1\" content=\"4\u00a0Minuten\" \/>\n<script type=\"application\/ld+json\" class=\"yoast-schema-graph\">{\"@context\":\"https:\/\/schema.org\",\"@graph\":[{\"@type\":\"WebPage\",\"@id\":\"https:\/\/www.nas-invest.com\/de\/datenschutz\/\",\"url\":\"https:\/\/www.nas-invest.com\/de\/datenschutz\/\",\"name\":\"Datenschutz - NAS Real Investments\",\"isPartOf\":{\"@id\":\"https:\/\/www.nas-invest.com\/en\/#website\"},\"datePublished\":\"2018-11-15T20:51:16+00:00\",\"dateModified\":\"2025-04-11T13:14:35+00:00\",\"breadcrumb\":{\"@id\":\"https:\/\/www.nas-invest.com\/de\/datenschutz\/#breadcrumb\"},\"inLanguage\":\"de\",\"potentialAction\":[{\"@type\":\"ReadAction\",\"target\":[\"https:\/\/www.nas-invest.com\/de\/datenschutz\/\"]}]},{\"@type\":\"BreadcrumbList\",\"@id\":\"https:\/\/www.nas-invest.com\/de\/datenschutz\/#breadcrumb\",\"itemListElement\":[{\"@type\":\"ListItem\",\"position\":1,\"name\":\"Home\",\"item\":\"https:\/\/www.nas-invest.com\/de\/\"},{\"@type\":\"ListItem\",\"position\":2,\"name\":\"Datenschutz\"}]},{\"@type\":\"WebSite\",\"@id\":\"https:\/\/www.nas-invest.com\/en\/#website\",\"url\":\"https:\/\/www.nas-invest.com\/en\/\",\"name\":\"NAS Real Investments\",\"description\":\"Independent Platform for real Investments\",\"publisher\":{\"@id\":\"https:\/\/www.nas-invest.com\/en\/#organization\"},\"potentialAction\":[{\"@type\":\"SearchAction\",\"target\":{\"@type\":\"EntryPoint\",\"urlTemplate\":\"https:\/\/www.nas-invest.com\/en\/?s={search_term_string}\"},\"query-input\":\"required name=search_term_string\"}],\"inLanguage\":\"de\"},{\"@type\":\"Organization\",\"@id\":\"https:\/\/www.nas-invest.com\/en\/#organization\",\"name\":\"NAS Real Investments\",\"url\":\"https:\/\/www.nas-invest.com\/en\/\",\"sameAs\":[],\"logo\":{\"@type\":\"ImageObject\",\"inLanguage\":\"de\",\"@id\":\"https:\/\/www.nas-invest.com\/en\/#\/schema\/logo\/image\/\",\"url\":\"https:\/\/www.nas-invest.com\/wp-content\/uploads\/2022\/09\/logo.png\",\"contentUrl\":\"https:\/\/www.nas-invest.com\/wp-content\/uploads\/2022\/09\/logo.png\",\"width\":365,\"height\":187,\"caption\":\"NAS Real Investments\"},\"image\":{\"@id\":\"https:\/\/www.nas-invest.com\/en\/#\/schema\/logo\/image\/\"}}]}<\/script>\n<!-- \/ Yoast SEO plugin. -->","yoast_head_json":{"title":"Datenschutz - NAS Real Investments","robots":{"index":"index","follow":"follow","max-snippet":"max-snippet:-1","max-image-preview":"max-image-preview:large","max-video-preview":"max-video-preview:-1"},"canonical":"https:\/\/www.nas-invest.com\/de\/datenschutz\/","og_locale":"de_DE","og_type":"article","og_title":"Datenschutz - NAS Real Investments","og_description":"Die Strides GbR (\u201eStrides\u201c) betreibt die Webseite www.localhost\/tob\/wordpress-qdc (\u201eWebseite\u201d). Beim Betrieb der Webseite verarbeitet Strides personenbezogene Daten, mit denen m\u00f6glicherweise der Bezug zum Besucher hergestellt werden kann. Diese Datenschutzerkl\u00e4rung soll dar\u00fcber informieren, welche personenbezogenen Daten von den Besuchern f\u00fcr welche Zwecke verarbeitet werden, welche Rechte Betroffene haben und wie sie diese geltend machen k\u00f6nnen. Damit ....","og_url":"https:\/\/www.nas-invest.com\/de\/datenschutz\/","og_site_name":"NAS Real Investments","article_modified_time":"2025-04-11T13:14:35+00:00","og_image":[{"width":1920,"height":1010,"url":"https:\/\/www.nas-invest.com\/wp-content\/uploads\/2022\/10\/16082022_Senckenbergturm_2_16to9_2.jpg","type":"image\/jpeg"}],"twitter_card":"summary_large_image","twitter_misc":{"Gesch\u00e4tzte Lesezeit":"4\u00a0Minuten"},"schema":{"@context":"https:\/\/schema.org","@graph":[{"@type":"WebPage","@id":"https:\/\/www.nas-invest.com\/de\/datenschutz\/","url":"https:\/\/www.nas-invest.com\/de\/datenschutz\/","name":"Datenschutz - NAS Real Investments","isPartOf":{"@id":"https:\/\/www.nas-invest.com\/en\/#website"},"datePublished":"2018-11-15T20:51:16+00:00","dateModified":"2025-04-11T13:14:35+00:00","breadcrumb":{"@id":"https:\/\/www.nas-invest.com\/de\/datenschutz\/#breadcrumb"},"inLanguage":"de","potentialAction":[{"@type":"ReadAction","target":["https:\/\/www.nas-invest.com\/de\/datenschutz\/"]}]},{"@type":"BreadcrumbList","@id":"https:\/\/www.nas-invest.com\/de\/datenschutz\/#breadcrumb","itemListElement":[{"@type":"ListItem","position":1,"name":"Home","item":"https:\/\/www.nas-invest.com\/de\/"},{"@type":"ListItem","position":2,"name":"Datenschutz"}]},{"@type":"WebSite","@id":"https:\/\/www.nas-invest.com\/en\/#website","url":"https:\/\/www.nas-invest.com\/en\/","name":"NAS Real Investments","description":"Independent Platform for real Investments","publisher":{"@id":"https:\/\/www.nas-invest.com\/en\/#organization"},"potentialAction":[{"@type":"SearchAction","target":{"@type":"EntryPoint","urlTemplate":"https:\/\/www.nas-invest.com\/en\/?s={search_term_string}"},"query-input":"required name=search_term_string"}],"inLanguage":"de"},{"@type":"Organization","@id":"https:\/\/www.nas-invest.com\/en\/#organization","name":"NAS Real Investments","url":"https:\/\/www.nas-invest.com\/en\/","sameAs":[],"logo":{"@type":"ImageObject","inLanguage":"de","@id":"https:\/\/www.nas-invest.com\/en\/#\/schema\/logo\/image\/","url":"https:\/\/www.nas-invest.com\/wp-content\/uploads\/2022\/09\/logo.png","contentUrl":"https:\/\/www.nas-invest.com\/wp-content\/uploads\/2022\/09\/logo.png","width":365,"height":187,"caption":"NAS Real Investments"},"image":{"@id":"https:\/\/www.nas-invest.com\/en\/#\/schema\/logo\/image\/"}}]}},"_links":{"self":[{"href":"https:\/\/www.nas-invest.com\/de\/wp-json\/wp\/v2\/pages\/1554","targetHints":{"allow":["GET"]}}],"collection":[{"href":"https:\/\/www.nas-invest.com\/de\/wp-json\/wp\/v2\/pages"}],"about":[{"href":"https:\/\/www.nas-invest.com\/de\/wp-json\/wp\/v2\/types\/page"}],"author":[{"embeddable":true,"href":"https:\/\/www.nas-invest.com\/de\/wp-json\/wp\/v2\/users\/1"}],"replies":[{"embeddable":true,"href":"https:\/\/www.nas-invest.com\/de\/wp-json\/wp\/v2\/comments?post=1554"}],"version-history":[{"count":14,"href":"https:\/\/www.nas-invest.com\/de\/wp-json\/wp\/v2\/pages\/1554\/revisions"}],"predecessor-version":[{"id":3092,"href":"https:\/\/www.nas-invest.com\/de\/wp-json\/wp\/v2\/pages\/1554\/revisions\/3092"}],"wp:featuredmedia":[{"embeddable":true,"href":"https:\/\/www.nas-invest.com\/de\/wp-json\/wp\/v2\/media\/2432"}],"wp:attachment":[{"href":"https:\/\/www.nas-invest.com\/de\/wp-json\/wp\/v2\/media?parent=1554"}],"curies":[{"name":"wp","href":"https:\/\/api.w.org\/{rel}","templated":true}]}}